{"id":1198,"date":"2024-08-31T17:09:22","date_gmt":"2024-08-31T17:09:22","guid":{"rendered":"https:\/\/jennifersarahboone.com\/?page_id=1198"},"modified":"2024-09-06T19:03:07","modified_gmt":"2024-09-06T19:03:07","slug":"legal-info","status":"publish","type":"page","link":"https:\/\/jennifersarahboone.com\/de\/legal-info\/","title":{"rendered":"legal info"},"content":{"rendered":"<div data-elementor-type=\"wp-page\" data-elementor-id=\"1198\" class=\"elementor elementor-1198\">\n\t\t\t\t<div class=\"elementor-element elementor-element-26f512c e-flex e-con-boxed e-con e-parent\" data-id=\"26f512c\" data-element_type=\"container\" data-e-type=\"container\" data-settings=\"{&quot;background_background&quot;:&quot;classic&quot;}\">\n\t\t\t\t\t<div class=\"e-con-inner\">\n\t\t\t\t<div class=\"elementor-element elementor-element-cd57422 elementor-widget elementor-widget-heading\" data-id=\"cd57422\" data-element_type=\"widget\" data-e-type=\"widget\" data-widget_type=\"heading.default\">\n\t\t\t\t<div class=\"elementor-widget-container\">\n\t\t\t\t\t<h2 class=\"elementor-heading-title elementor-size-default\">Legal info<\/h2>\t\t\t\t<\/div>\n\t\t\t\t<\/div>\n\t\t\t\t<div class=\"elementor-element elementor-element-7453d10 legalpage elementor-widget elementor-widget-text-editor\" data-id=\"7453d10\" data-element_type=\"widget\" data-e-type=\"widget\" data-widget_type=\"text-editor.default\">\n\t\t\t\t<div class=\"elementor-widget-container\">\n\t\t\t\t\t\t\t\t\t<h2>Impressum<\/h2><p>Verantwortlich im Sinne des Pressegesetzes &amp; Inhaltlich Verantwortlicher gem\u00e4\u00df Paragraph 6 MDStV:<\/p><p>Jennifer Sarah Boone, S\u00e4ngerin, Sprecherin &amp; Moderatorin<br \/>\u00dcberseeboulevard 10, 20457 Hamburg<br \/>E-Mail:\u00a0<a href=\"mailto:jennifer@jennifersarahboone.com\">jennifer@jennifersarahboone.com<\/a><\/p><h3>Haftungsausschluss<\/h3><p><strong>1. Inhalt des Online-Angebots<\/strong><br \/>Die AutorInnen \u00fcbernehmen keinerlei Gew\u00e4hr f\u00fcr die Aktualit\u00e4t, Korrektheit, Vollst\u00e4ndigkeit oder Qualit\u00e4t der bereitgestellten Informationen. Haftungsanspr\u00fcche gegen die AutorInnen, welche sich auf Sch\u00e4den materieller oder ideeller Art beziehen, die durch die Nutzung oder Nichtnutzung der dargebotenen Informationen bzw. durch die Nutzung fehlerhafter und unvollst\u00e4ndiger Informationen verursacht wurden sind grunds\u00e4tzlich ausgeschlossen, sofern seitens der AutorInnen kein nachweislich vors\u00e4tzliches oder grob fahrl\u00e4ssiges Verschulden vorliegt. Au\u00dferdem behalten sich die AutorInnen das Recht vor, \u00c4nderungen oder Erg\u00e4nzungen der bereitgestellten Informationen vorzunehmen.<\/p><p><strong>2. Verlinkungen zu Seiten Dritter<\/strong><\/p><p>F\u00fcr Internetseiten Dritter, auf welche durch Hyperlinks verwiesen wird, tragen die jeweiligen Anbieter die Verantwortung. Die AutorInnen sind nicht f\u00fcr den Inhalt solcher Seiten Dritter verantwortlich. Des weiteren k\u00f6nnen diese Webseiten von anderen Webseiten mittels Hyperlink angelinkt worden sein. Die AutorInnen \u00fcbernehmen keine Verantwortung f\u00fcr Darstellungen, Inhalte oder irgendeine Verbindung zu diesen Webseiten in Webseiten Dritter.<\/p><p><strong>3. Copyright<\/strong><\/p><p>Das Copyright f\u00fcr ver\u00f6ffentlichte, von den AutorInnen selbst erstellte Objekte bleibt allein bei den AutorInnen der Seiten. Eine Vervielf\u00e4ltigung oder Verwendung solcher Grafiken, Tondokumente, Videosequenzen und Texte in anderen elektronischen oder gedruckten Publikationen ist ohne ausdr\u00fcckliche Zustimmung der AutorInnen nicht gestattet.<\/p><p><strong>4. Rechtswirksamkeit dieses Haftungsausschlusses<\/strong><\/p><p>Dieser Haftungsausschluss ist als Teil des Internetangebotes zu betrachten, von dem aus auf diese Seite verwiesen wurde. Sofern Teile oder einzelne Formulierungen dieses Textes der geltenden Rechtslage nicht, nicht mehr oder nicht vollst\u00e4ndig entsprechen sollten, bleiben die \u00fcbrigen Teile des Dokumentes in ihrem Inhalt und ihrer G\u00fcltigkeit davon unber\u00fchrt.<\/p>\t\t\t\t\t\t\t\t<\/div>\n\t\t\t\t<\/div>\n\t\t\t\t\t<\/div>\n\t\t\t\t<\/div>\n\t\t\t\t<\/div>","protected":false},"excerpt":{"rendered":"<p>Legal info Impressum Verantwortlich im Sinne des Pressegesetzes &amp; Inhaltlich Verantwortlicher gem\u00e4\u00df Paragraph 6 MDStV: Jennifer Sarah Boone, S\u00e4ngerin, Sprecherin &amp; Moderatorin\u00dcberseeboulevard 10, 20457 HamburgE-Mail:\u00a0jennifer@jennifersarahboone.com Haftungsausschluss 1. Inhalt des Online-AngebotsDie AutorInnen \u00fcbernehmen keinerlei Gew\u00e4hr f\u00fcr die Aktualit\u00e4t, Korrektheit, Vollst\u00e4ndigkeit oder Qualit\u00e4t der bereitgestellten Informationen. Haftungsanspr\u00fcche gegen die AutorInnen, welche sich auf Sch\u00e4den materieller oder ideeller [&hellip;]<\/p>\n","protected":false},"author":4,"featured_media":0,"parent":0,"menu_order":0,"comment_status":"closed","ping_status":"closed","template":"elementor_header_footer","meta":{"footnotes":""},"class_list":["post-1198","page","type-page","status-publish","hentry"],"_links":{"self":[{"href":"https:\/\/jennifersarahboone.com\/de\/wp-json\/wp\/v2\/pages\/1198","targetHints":{"allow":["GET"]}}],"collection":[{"href":"https:\/\/jennifersarahboone.com\/de\/wp-json\/wp\/v2\/pages"}],"about":[{"href":"https:\/\/jennifersarahboone.com\/de\/wp-json\/wp\/v2\/types\/page"}],"author":[{"embeddable":true,"href":"https:\/\/jennifersarahboone.com\/de\/wp-json\/wp\/v2\/users\/4"}],"replies":[{"embeddable":true,"href":"https:\/\/jennifersarahboone.com\/de\/wp-json\/wp\/v2\/comments?post=1198"}],"version-history":[{"count":19,"href":"https:\/\/jennifersarahboone.com\/de\/wp-json\/wp\/v2\/pages\/1198\/revisions"}],"predecessor-version":[{"id":1349,"href":"https:\/\/jennifersarahboone.com\/de\/wp-json\/wp\/v2\/pages\/1198\/revisions\/1349"}],"wp:attachment":[{"href":"https:\/\/jennifersarahboone.com\/de\/wp-json\/wp\/v2\/media?parent=1198"}],"curies":[{"name":"wp","href":"https:\/\/api.w.org\/{rel}","templated":true}]}}